{"id":870,"date":"2024-05-30T09:21:25","date_gmt":"2024-05-30T07:21:25","guid":{"rendered":"https:\/\/arcbau.com\/kontakt\/"},"modified":"2024-06-27T09:32:31","modified_gmt":"2024-06-27T07:32:31","slug":"kontakt","status":"publish","type":"page","link":"https:\/\/arcbau.com\/de\/kontakt\/","title":{"rendered":"Kontakt"},"content":{"rendered":"<p>[et_pb_section fb_built=&#8220;1&#8243; _builder_version=&#8220;4.24.0&#8243; _module_preset=&#8220;default&#8220; use_background_color_gradient=&#8220;on&#8220; background_color_gradient_direction=&#8220;90deg&#8220; background_color_gradient_stops=&#8220;#ffffff 50%|#f7f7f7 50%&#8220; custom_padding=&#8220;0px||0px||false|false&#8220; background_last_edited=&#8220;on|desktop&#8220; use_background_color_gradient_tablet=&#8220;off&#8220; global_colors_info=&#8220;{}&#8220;][et_pb_row column_structure=&#8220;1_2,1_2&#8243; use_custom_gutter=&#8220;on&#8220; make_equal=&#8220;on&#8220; custom_padding_last_edited=&#8220;on|phone&#8220; _builder_version=&#8220;4.24.0&#8243; _module_preset=&#8220;default&#8220; background_enable_color=&#8220;off&#8220; width=&#8220;90%&#8220; width_tablet=&#8220;100%&#8220; width_phone=&#8220;100%&#8220; width_last_edited=&#8220;on|tablet&#8220; max_width=&#8220;1400px&#8220; custom_padding=&#8220;0px||0px||true|false&#8220; custom_padding_tablet=&#8220;50px|0px||0px|false|true&#8220; custom_padding_phone=&#8220;50px||||false|true&#8220; global_colors_info=&#8220;{}&#8220;][et_pb_column type=&#8220;1_2&#8243; _builder_version=&#8220;4.24.0&#8243; _module_preset=&#8220;default&#8220; background_enable_color=&#8220;off&#8220; custom_padding=&#8220;50px||50px||true|false&#8220; custom_padding_tablet=&#8220;0px|5%|50px|5%|false|true&#8220; custom_padding_phone=&#8220;||||true|false&#8220; custom_padding_last_edited=&#8220;on|tablet&#8220; global_colors_info=&#8220;{}&#8220;][et_pb_text _builder_version=&#8220;4.24.0&#8243; _module_preset=&#8220;default&#8220; text_font=&#8220;||||||||&#8220; text_text_color=&#8220;#0004bc&#8220; text_font_size=&#8220;28px&#8220; custom_margin=&#8220;||0px||false|false&#8220; custom_margin_tablet=&#8220;0px||||false|false&#8220; custom_margin_phone=&#8220;||20px||false|false&#8220; custom_margin_last_edited=&#8220;on|desktop&#8220; custom_padding=&#8220;||0px||false|false&#8220; global_colors_info=&#8220;{}&#8220;]<\/p>\n<p>Kontakt<\/p>\n<p>[\/et_pb_text][et_pb_text _builder_version=&#8220;4.24.0&#8243; _module_preset=&#8220;default&#8220; text_letter_spacing=&#8220;-2px&#8220; header_text_color=&#8220;#000000&#8243; header_font_size=&#8220;45px&#8220; header_letter_spacing=&#8220;0.5px&#8220; custom_margin=&#8220;20px||0px||false|false&#8220; custom_margin_tablet=&#8220;||||false|false&#8220; custom_margin_phone=&#8220;||||false|false&#8220; custom_margin_last_edited=&#8220;on|phone&#8220; custom_padding=&#8220;||||false|false&#8220; hover_enabled=&#8220;0&#8243; header_font_size_tablet=&#8220;45px&#8220; header_font_size_phone=&#8220;24px&#8220; header_font_size_last_edited=&#8220;on|desktop&#8220; global_colors_info=&#8220;{}&#8220; sticky_enabled=&#8220;0&#8243;]<\/p>\n<h1><strong>Wie k\u00f6nnen wir Ihnen helfen?<\/strong><\/h1>\n<p>[\/et_pb_text][et_pb_text _builder_version=&#8220;4.24.0&#8243; _module_preset=&#8220;default&#8220; text_text_color=&#8220;#000000&#8243; custom_margin=&#8220;20px||20px||true|false&#8220; global_colors_info=&#8220;{}&#8220;]<\/p>\n<p>Unser technisches Team steht Ihnen <strong>f\u00fcr alle Fragen zur Verf\u00fcgung.<\/strong><\/p>\n<p><strong>Kontaktieren Sie uns<\/strong> per Telefon, E-Mail oder \u00fcber unser Formular<\/p>\n<p>[\/et_pb_text][et_pb_text content_tablet=&#8220;<a href=%22https:\/\/www.google.com\/maps?q=Calle+Fontrodona+30,+bajos,+08004+Barcelona%22 data-et-target-link=%22_blank%22 rel=%22noopener%22><img src=%22https:\/\/arcbau.com\/wp-content\/uploads\/2024\/05\/icono-ubicacion-azul.svg%22 alt=%22Location Icon%22 \/> Fontrodona-Stra\u00dfe 30, Erdgeschoss 08004 Barcelona<\/a><a href=%22tel:+34935010214%22><img src=%22https:\/\/arcbau.com\/wp-content\/uploads\/2024\/05\/icono-telefono-azul.svg%22 alt=%22Phone Icon%22 \/> +34 93 50 10 214<br \/><\/a><a href=%22mailto:info@arcbau.com%22><img src=%22https:\/\/arcbau.com\/wp-content\/uploads\/2024\/05\/icono-email-azul.svg%22 alt=%22Email Icon%22 \/> info@arcbau.com<br \/><\/a>&#8220; content_phone=&#8220;<a href=%22https:\/\/www.google.com\/maps?q=Calle+Fontrodona+30,+bajos,+08004+Barcelona%22 data-et-target-link=%22_blank%22 rel=%22noopener%22><img src=%22https:\/\/arcbau.com\/wp-content\/uploads\/2024\/05\/icono-ubicacion-azul.svg%22 alt=%22Location Icon%22 \/> Fontrodona-Stra\u00dfe 30, Erdgeschoss 08004 Barcelona<\/a><a href=%22tel:+34935010214%22><img src=%22https:\/\/arcbau.com\/wp-content\/uploads\/2024\/05\/icono-telefono-azul.svg%22 alt=%22Phone Icon%22 \/> +34 93 50 10 214<br \/><\/a><a href=%22mailto:info@arcbau.com%22><img src=%22https:\/\/arcbau.com\/wp-content\/uploads\/2024\/05\/icono-email-azul.svg%22 alt=%22Email Icon%22 \/> info@arcbau.com<br \/><\/a>&#8220; content_last_edited=&#8220;off|desktop&#8220; _builder_version=&#8220;4.24.0&#8243; _module_preset=&#8220;default&#8220; text_line_height=&#8220;2em&#8220; custom_margin=&#8220;||0px|10px|false|false&#8220; custom_margin_tablet=&#8220;|||0px|false|false&#8220; custom_margin_phone=&#8220;|||0px|false|false&#8220; custom_margin_last_edited=&#8220;on|tablet&#8220; custom_css_free_form=&#8220;selector{||  display:flex;||  flex-flow:column;||}||selector a {||    display: flex;||    text-decoration: none; ||    color: black;||    margin-bottom: 20px;||}||selector a:first-child img{||  width: 15px;||}||selector img{||  width: 17px;||  margin-right: 15px;||}||@media (max-width: 980px) {||    selector a {||        display: flex !important;||        white-space: nowrap;||      margin-right: 30px;||    }||}&#8220; global_colors_info=&#8220;{}&#8220;]<\/p>\n<p><a href=\"https:\/\/www.google.com\/maps?q=Calle+Fontrodona+30,+bajos,+08004+Barcelona\" target=\"_blank\" rel=\"noopener\"><br \/><img decoding=\"async\" src=\"https:\/\/arcbau.com\/wp-content\/uploads\/2024\/05\/icono-ubicacion-azul.svg\" alt=\"Location Icon\" \/> Fontrodona-Stra\u00dfe 30, Erdgeschoss<br \/>08004 Barcelona<br \/><\/a><a href=\"tel:+34935010214\"><br \/><img decoding=\"async\" src=\"https:\/\/arcbau.com\/wp-content\/uploads\/2024\/05\/icono-telefono-azul.svg\" alt=\"Phone Icon\" \/> +34 93 50 10 214<br \/><\/a><a href=\"mailto:info@arcbau.com\"><br \/><img decoding=\"async\" src=\"https:\/\/arcbau.com\/wp-content\/uploads\/2024\/05\/icono-email-azul.svg\" alt=\"Email Icon\" \/> info@arcbau.com<br \/><\/a><\/p>\n<p>[\/et_pb_text][et_pb_code _builder_version=&#8220;4.24.0&#8243; _module_preset=&#8220;default&#8220; custom_margin=&#8220;||||false|false&#8220; custom_padding=&#8220;||||false|false&#8220; custom_css_free_form=&#8220;selector a{||  padding-left: 30px;||  color: #0004bc;||}&#8220; global_colors_info=&#8220;{}&#8220;]<a href=\"https:\/\/www.facebook.com\/arcbau\" target=\"_blank\" rel=\"noopener\"><!-- [et_pb_line_break_holder] -->    <i class=\"fab fa-facebook-f\"><\/i><!-- [et_pb_line_break_holder] --><\/a><!-- [et_pb_line_break_holder] --><a href=\"https:\/\/www.linkedin.com\/company\/arcbau\" target=\"_blank\" rel=\"noopener\"><!-- [et_pb_line_break_holder] -->    <i class=\"fab fa-linkedin-in\"><\/i><!-- [et_pb_line_break_holder] --><\/a>[\/et_pb_code][\/et_pb_column][et_pb_column type=&#8220;1_2&#8243; _builder_version=&#8220;4.24.0&#8243; _module_preset=&#8220;default&#8220; background_color=&#8220;#f7f7f7&#8243; custom_padding_tablet=&#8220;3em|5%|3em|5%|true|true&#8220; custom_padding_phone=&#8220;3em|5%|3em|5%|true|true&#8220; custom_padding_last_edited=&#8220;on|tablet&#8220; global_colors_info=&#8220;{}&#8220;][et_pb_text _builder_version=&#8220;4.24.0&#8243; _module_preset=&#8220;default&#8220; text_text_color=&#8220;#000000&#8243; text_font_size=&#8220;12px&#8220; header_font=&#8220;|700|||||||&#8220; header_text_color=&#8220;#000000&#8243; header_font_size=&#8220;26px&#8220; header_2_text_color=&#8220;#000000&#8243; text_orientation=&#8220;center&#8220; width=&#8220;100%&#8220; custom_margin=&#8220;||||false|false&#8220; custom_margin_tablet=&#8220;||||false|false&#8220; custom_margin_phone=&#8220;||||false|false&#8220; custom_margin_last_edited=&#8220;on|phone&#8220; custom_padding=&#8220;50px||50px||true|false&#8220; custom_padding_tablet=&#8220;0px||2em||false|false&#8220; custom_padding_phone=&#8220;||||true|false&#8220; custom_padding_last_edited=&#8220;on|phone&#8220; header_font_size_tablet=&#8220;32px&#8220; header_font_size_phone=&#8220;36px&#8220; header_font_size_last_edited=&#8220;on|tablet&#8220; custom_css_free_form=&#8220;.wpcf7-form a{||  color: black;||}||@media (max-width: 425px) {||    .wpcf7-form input%91type=%22text%22%93,||  .wpcf7-form input%91type=%22email%22%93,||  .wpcf7-form input%91type=%22tel%22%93,||  .wpcf7-form textarea {||      width: 100%;||  }||  .wpcf7-form .wpcf7-acceptance {||    margin-left: -15px;||\t}||  .wpcf7-form input%91type=%22submit%22%93 {||  \tmargin-left: 60px;||\t}||}||selector h2{||  margin-bottom: 20px;||}&#8220; border_color_all=&#8220;#000000&#8243; global_colors_info=&#8220;{}&#8220;]<\/p>\n<h2><strong>Kontaktformular<\/strong><\/h2>\n\n<div class=\"wpcf7 no-js\" id=\"wpcf7-f846-o1\" lang=\"de-DE\" dir=\"ltr\">\n<div class=\"screen-reader-response\"><p role=\"status\" aria-live=\"polite\" aria-atomic=\"true\"><\/p> <ul><\/ul><\/div>\n<form action=\"\/de\/wp-json\/wp\/v2\/pages\/870#wpcf7-f846-o1\" method=\"post\" class=\"wpcf7-form init\" aria-label=\"Kontaktformular\" novalidate=\"novalidate\" data-status=\"init\">\n<div style=\"display: none;\">\n<input type=\"hidden\" name=\"_wpcf7\" value=\"846\" \/>\n<input type=\"hidden\" name=\"_wpcf7_version\" value=\"5.9.5\" \/>\n<input type=\"hidden\" name=\"_wpcf7_locale\" value=\"de_DE\" \/>\n<input type=\"hidden\" name=\"_wpcf7_unit_tag\" value=\"wpcf7-f846-o1\" \/>\n<input type=\"hidden\" name=\"_wpcf7_container_post\" value=\"0\" \/>\n<input type=\"hidden\" name=\"_wpcf7_posted_data_hash\" value=\"\" \/>\n<\/div>\n<p><span class=\"wpcf7-form-control-wrap\" data-name=\"your-name\"><input size=\"40\" class=\"wpcf7-form-control wpcf7-text wpcf7-validates-as-required\" aria-required=\"true\" aria-invalid=\"false\" placeholder=\"Name\" value=\"\" type=\"text\" name=\"your-name\" \/><\/span><br \/>\n<span class=\"wpcf7-form-control-wrap\" data-name=\"your-email\"><input size=\"40\" class=\"wpcf7-form-control wpcf7-email wpcf7-validates-as-required wpcf7-text wpcf7-validates-as-email\" aria-required=\"true\" aria-invalid=\"false\" placeholder=\"E-Mail\" value=\"\" type=\"email\" name=\"your-email\" \/><\/span><br \/>\n<span class=\"wpcf7-form-control-wrap\" data-name=\"your-phone\"><input size=\"40\" class=\"wpcf7-form-control wpcf7-tel wpcf7-validates-as-required wpcf7-text wpcf7-validates-as-tel\" aria-required=\"true\" aria-invalid=\"false\" placeholder=\"Telefon\" value=\"\" type=\"tel\" name=\"your-phone\" \/><\/span><br \/>\n<span class=\"wpcf7-form-control-wrap\" data-name=\"your-message\"><textarea cols=\"40\" rows=\"10\" class=\"wpcf7-form-control wpcf7-textarea\" aria-invalid=\"false\" placeholder=\"Nachricht\" name=\"your-message\"><\/textarea><\/span><br \/>\n<span class=\"wpcf7-form-control-wrap\" data-name=\"your-consent\"><span class=\"wpcf7-form-control wpcf7-acceptance\"><span class=\"wpcf7-list-item\"><label><input type=\"checkbox\" name=\"your-consent\" value=\"1\" aria-invalid=\"false\" \/><span class=\"wpcf7-list-item-label\">Durch Klicken auf <b>Absenden<\/b> erkl\u00e4re ich, die <a href=\"\/datenschutz\" target=\"_blank\"><b>Datenschutzrichtlinien<\/b><\/a> gelesen zu haben.<\/span><\/label><\/span><\/span><\/span><br \/>\n<span id=\"wpcf7-69f1b63d0174e-wrapper\" class=\"wpcf7-form-control-wrap email-wrap\" style=\"display:none !important; visibility:hidden !important;\"><label for=\"wpcf7-69f1b63d0174e-field\" class=\"hp-message\">Bitte lasse dieses Feld leer.<\/label><input id=\"wpcf7-69f1b63d0174e-field\"  class=\"wpcf7-form-control wpcf7-text\" type=\"text\" name=\"email\" value=\"\" size=\"40\" tabindex=\"-1\" autocomplete=\"new-password\" \/><\/span><br \/>\n<input class=\"wpcf7-form-control wpcf7-submit has-spinner\" type=\"submit\" value=\"Absenden\" \/>\n<\/p><div class=\"wpcf7-response-output\" aria-hidden=\"true\"><\/div>\n<\/form>\n<\/div>\n\n<p>[\/et_pb_text][\/et_pb_column][\/et_pb_row][\/et_pb_section][et_pb_section fb_built=&#8220;1&#8243; _builder_version=&#8220;4.24.0&#8243; _module_preset=&#8220;default&#8220; custom_padding=&#8220;0px||0px||true|false&#8220; global_module=&#8220;690&#8243; saved_tabs=&#8220;all&#8220; global_colors_info=&#8220;{}&#8220;][et_pb_row _builder_version=&#8220;4.24.0&#8243; _module_preset=&#8220;default&#8220; width=&#8220;100%&#8220; max_width=&#8220;100%&#8220; custom_margin=&#8220;0px||0px||true|false&#8220; custom_padding=&#8220;0px||0px||true|false&#8220; global_colors_info=&#8220;{}&#8220;][et_pb_column type=&#8220;4_4&#8243; _builder_version=&#8220;4.24.0&#8243; _module_preset=&#8220;default&#8220; global_colors_info=&#8220;{}&#8220;][et_pb_code _builder_version=&#8220;4.24.0&#8243; _module_preset=&#8220;default&#8220; global_colors_info=&#8220;{}&#8220;]<\/p>\n<div style=\"width: 100%;\"><iframe loading=\"lazy\" src=\"https:\/\/maps.google.com\/maps?width=100%25&amp;height=600&amp;hl=de&amp;q=Calle%20Fontrodona%2030,%20bajos%2008004%20Barcelona+(Arcbau)&amp;t=&amp;z=15&amp;ie=UTF8&amp;iwloc=B&amp;output=embed\" width=\"100%\" height=\"500\" frameborder=\"0\" marginwidth=\"0\" marginheight=\"0\" scrolling=\"no\"><a href=\"https:\/\/www.gps.ie\/car-satnav-gps\/\">GPS devices<\/a><\/iframe><\/div>\n<p>[\/et_pb_code][\/et_pb_column][\/et_pb_row][\/et_pb_section]<\/p>\n","protected":false},"excerpt":{"rendered":"<p>KontaktWie k\u00f6nnen wir Ihnen helfen?Unser technisches Team steht Ihnen f\u00fcr alle Fragen zur Verf\u00fcgung. Kontaktieren Sie uns per Telefon, E-Mail oder \u00fcber unser Formular Fontrodona-Stra\u00dfe 30, Erdgeschoss08004 Barcelona +34 93 50 10 214 info@arcbau.comKontaktformular \n<div class=\"wpcf7 no-js\" id=\"wpcf7-f846-o2\" lang=\"de-DE\" dir=\"ltr\">\n<div class=\"screen-reader-response\"><p role=\"status\" aria-live=\"polite\" aria-atomic=\"true\"><\/p> <ul><\/ul><\/div>\n<form action=\"\/de\/wp-json\/wp\/v2\/pages\/870#wpcf7-f846-o2\" method=\"post\" class=\"wpcf7-form init\" aria-label=\"Kontaktformular\" novalidate=\"novalidate\" data-status=\"init\">\n<div style=\"display: none;\">\n<input type=\"hidden\" name=\"_wpcf7\" value=\"846\" \/>\n<input type=\"hidden\" name=\"_wpcf7_version\" value=\"5.9.5\" \/>\n<input type=\"hidden\" name=\"_wpcf7_locale\" value=\"de_DE\" \/>\n<input type=\"hidden\" name=\"_wpcf7_unit_tag\" value=\"wpcf7-f846-o2\" \/>\n<input type=\"hidden\" name=\"_wpcf7_container_post\" value=\"0\" \/>\n<input type=\"hidden\" name=\"_wpcf7_posted_data_hash\" value=\"\" \/>\n<\/div>\n<p><span class=\"wpcf7-form-control-wrap\" data-name=\"your-name\"><input size=\"40\" class=\"wpcf7-form-control wpcf7-text wpcf7-validates-as-required\" aria-required=\"true\" aria-invalid=\"false\" placeholder=\"Name\" value=\"\" type=\"text\" name=\"your-name\" \/><\/span><br \/>\n<span class=\"wpcf7-form-control-wrap\" data-name=\"your-email\"><input size=\"40\" class=\"wpcf7-form-control wpcf7-email wpcf7-validates-as-required wpcf7-text wpcf7-validates-as-email\" aria-required=\"true\" aria-invalid=\"false\" placeholder=\"E-Mail\" value=\"\" type=\"email\" name=\"your-email\" \/><\/span><br \/>\n<span class=\"wpcf7-form-control-wrap\" data-name=\"your-phone\"><input size=\"40\" class=\"wpcf7-form-control wpcf7-tel wpcf7-validates-as-required wpcf7-text wpcf7-validates-as-tel\" aria-required=\"true\" aria-invalid=\"false\" placeholder=\"Telefon\" value=\"\" type=\"tel\" name=\"your-phone\" \/><\/span><br \/>\n<span class=\"wpcf7-form-control-wrap\" data-name=\"your-message\"><textarea cols=\"40\" rows=\"10\" class=\"wpcf7-form-control wpcf7-textarea\" aria-invalid=\"false\" placeholder=\"Nachricht\" name=\"your-message\"><\/textarea><\/span><br \/>\n<span class=\"wpcf7-form-control-wrap\" data-name=\"your-consent\"><span class=\"wpcf7-form-control wpcf7-acceptance\"><span class=\"wpcf7-list-item\"><label><input type=\"checkbox\" name=\"your-consent\" value=\"1\" aria-invalid=\"false\" \/><span class=\"wpcf7-list-item-label\">Durch Klicken auf <b>Absenden<\/b> erkl\u00e4re ich, die <a href=\"\/datenschutz\" target=\"_blank\"><b>Datenschutzrichtlinien<\/b><\/a> gelesen zu haben.<\/span><\/label><\/span><\/span><\/span><br \/>\n<span id=\"wpcf7-69f1b63dc9fce-wrapper\" class=\"wpcf7-form-control-wrap email-wrap\" style=\"display:none !important; visibility:hidden !important;\"><label for=\"wpcf7-69f1b63dc9fce-field\" class=\"hp-message\">Bitte lasse dieses Feld leer.<\/label><input id=\"wpcf7-69f1b63dc9fce-field\"  class=\"wpcf7-form-control wpcf7-text\" type=\"text\" name=\"email\" value=\"\" size=\"40\" tabindex=\"-1\" autocomplete=\"new-password\" \/><\/span><br \/>\n<input class=\"wpcf7-form-control wpcf7-submit has-spinner\" type=\"submit\" value=\"Absenden\" \/>\n<\/p><div class=\"wpcf7-response-output\" aria-hidden=\"true\"><\/div>\n<\/form>\n<\/div>\n<\/p>\n","protected":false},"author":1,"featured_media":743,"parent":0,"menu_order":0,"comment_status":"closed","ping_status":"closed","template":"","meta":{"_et_pb_use_builder":"on","_et_pb_old_content":"","_et_gb_content_width":"","inline_featured_image":false,"footnotes":""},"class_list":["post-870","page","type-page","status-publish","has-post-thumbnail","hentry"],"yoast_head":"<!-- This site is optimized with the Yoast SEO plugin v27.5 - https:\/\/yoast.com\/product\/yoast-seo-wordpress\/ -->\n<title>Arcbau | Haben Sie Fragen? Kontaktieren Sie uns<\/title>\n<meta name=\"description\" content=\"Unser technisches Team steht Ihnen f\u00fcr alle Fragen zur Verf\u00fcgung. Kontaktieren Sie uns per Telefon, E-Mail oder \u00fcber unser Formular\" \/>\n<meta name=\"robots\" content=\"index, follow, max-snippet:-1, max-image-preview:large, max-video-preview:-1\" \/>\n<link rel=\"canonical\" href=\"https:\/\/arcbau.com\/de\/kontakt\/\" \/>\n<meta property=\"og:locale\" content=\"de_DE\" \/>\n<meta property=\"og:type\" content=\"article\" \/>\n<meta property=\"og:title\" content=\"Arcbau | Haben Sie Fragen? Kontaktieren Sie uns\" \/>\n<meta property=\"og:description\" content=\"Unser technisches Team steht Ihnen f\u00fcr alle Fragen zur Verf\u00fcgung. Kontaktieren Sie uns per Telefon, E-Mail oder \u00fcber unser Formular\" \/>\n<meta property=\"og:url\" content=\"https:\/\/arcbau.com\/de\/kontakt\/\" \/>\n<meta property=\"og:site_name\" content=\"Arcbau\" \/>\n<meta property=\"article:modified_time\" content=\"2024-06-27T07:32:31+00:00\" \/>\n<meta property=\"og:image\" content=\"https:\/\/arcbau.com\/wp-content\/uploads\/2024\/06\/office-desktop-with-laptop-business-man-scaled.jpg\" \/>\n\t<meta property=\"og:image:width\" content=\"2560\" \/>\n\t<meta property=\"og:image:height\" content=\"1708\" \/>\n\t<meta property=\"og:image:type\" content=\"image\/jpeg\" \/>\n<meta name=\"twitter:card\" content=\"summary_large_image\" \/>\n<meta name=\"twitter:label1\" content=\"Gesch\u00e4tzte Lesezeit\" \/>\n\t<meta name=\"twitter:data1\" content=\"4\u00a0Minuten\" \/>\n<script type=\"application\/ld+json\" class=\"yoast-schema-graph\">{\"@context\":\"https:\\\/\\\/schema.org\",\"@graph\":[{\"@type\":\"WebPage\",\"@id\":\"https:\\\/\\\/arcbau.com\\\/de\\\/kontakt\\\/\",\"url\":\"https:\\\/\\\/arcbau.com\\\/de\\\/kontakt\\\/\",\"name\":\"Arcbau | Haben Sie Fragen? Kontaktieren Sie uns\",\"isPartOf\":{\"@id\":\"https:\\\/\\\/arcbau.com\\\/de\\\/#website\"},\"primaryImageOfPage\":{\"@id\":\"https:\\\/\\\/arcbau.com\\\/de\\\/kontakt\\\/#primaryimage\"},\"image\":{\"@id\":\"https:\\\/\\\/arcbau.com\\\/de\\\/kontakt\\\/#primaryimage\"},\"thumbnailUrl\":\"https:\\\/\\\/arcbau.com\\\/wp-content\\\/uploads\\\/2024\\\/06\\\/office-desktop-with-laptop-business-man-scaled.jpg\",\"datePublished\":\"2024-05-30T07:21:25+00:00\",\"dateModified\":\"2024-06-27T07:32:31+00:00\",\"description\":\"Unser technisches Team steht Ihnen f\u00fcr alle Fragen zur Verf\u00fcgung. Kontaktieren Sie uns per Telefon, E-Mail oder \u00fcber unser Formular\",\"breadcrumb\":{\"@id\":\"https:\\\/\\\/arcbau.com\\\/de\\\/kontakt\\\/#breadcrumb\"},\"inLanguage\":\"de\",\"potentialAction\":[{\"@type\":\"ReadAction\",\"target\":[\"https:\\\/\\\/arcbau.com\\\/de\\\/kontakt\\\/\"]}]},{\"@type\":\"ImageObject\",\"inLanguage\":\"de\",\"@id\":\"https:\\\/\\\/arcbau.com\\\/de\\\/kontakt\\\/#primaryimage\",\"url\":\"https:\\\/\\\/arcbau.com\\\/wp-content\\\/uploads\\\/2024\\\/06\\\/office-desktop-with-laptop-business-man-scaled.jpg\",\"contentUrl\":\"https:\\\/\\\/arcbau.com\\\/wp-content\\\/uploads\\\/2024\\\/06\\\/office-desktop-with-laptop-business-man-scaled.jpg\",\"width\":2560,\"height\":1708},{\"@type\":\"BreadcrumbList\",\"@id\":\"https:\\\/\\\/arcbau.com\\\/de\\\/kontakt\\\/#breadcrumb\",\"itemListElement\":[{\"@type\":\"ListItem\",\"position\":1,\"name\":\"Portada\",\"item\":\"https:\\\/\\\/arcbau.com\\\/de\\\/\"},{\"@type\":\"ListItem\",\"position\":2,\"name\":\"Kontakt\"}]},{\"@type\":\"WebSite\",\"@id\":\"https:\\\/\\\/arcbau.com\\\/de\\\/#website\",\"url\":\"https:\\\/\\\/arcbau.com\\\/de\\\/\",\"name\":\"Arcbau\",\"description\":\"\",\"potentialAction\":[{\"@type\":\"SearchAction\",\"target\":{\"@type\":\"EntryPoint\",\"urlTemplate\":\"https:\\\/\\\/arcbau.com\\\/de\\\/?s={search_term_string}\"},\"query-input\":{\"@type\":\"PropertyValueSpecification\",\"valueRequired\":true,\"valueName\":\"search_term_string\"}}],\"inLanguage\":\"de\"}]}<\/script>\n<!-- \/ Yoast SEO plugin. -->","yoast_head_json":{"title":"Arcbau | Haben Sie Fragen? Kontaktieren Sie uns","description":"Unser technisches Team steht Ihnen f\u00fcr alle Fragen zur Verf\u00fcgung. Kontaktieren Sie uns per Telefon, E-Mail oder \u00fcber unser Formular","robots":{"index":"index","follow":"follow","max-snippet":"max-snippet:-1","max-image-preview":"max-image-preview:large","max-video-preview":"max-video-preview:-1"},"canonical":"https:\/\/arcbau.com\/de\/kontakt\/","og_locale":"de_DE","og_type":"article","og_title":"Arcbau | Haben Sie Fragen? Kontaktieren Sie uns","og_description":"Unser technisches Team steht Ihnen f\u00fcr alle Fragen zur Verf\u00fcgung. Kontaktieren Sie uns per Telefon, E-Mail oder \u00fcber unser Formular","og_url":"https:\/\/arcbau.com\/de\/kontakt\/","og_site_name":"Arcbau","article_modified_time":"2024-06-27T07:32:31+00:00","og_image":[{"width":2560,"height":1708,"url":"https:\/\/arcbau.com\/wp-content\/uploads\/2024\/06\/office-desktop-with-laptop-business-man-scaled.jpg","type":"image\/jpeg"}],"twitter_card":"summary_large_image","twitter_misc":{"Gesch\u00e4tzte Lesezeit":"4\u00a0Minuten"},"schema":{"@context":"https:\/\/schema.org","@graph":[{"@type":"WebPage","@id":"https:\/\/arcbau.com\/de\/kontakt\/","url":"https:\/\/arcbau.com\/de\/kontakt\/","name":"Arcbau | Haben Sie Fragen? Kontaktieren Sie uns","isPartOf":{"@id":"https:\/\/arcbau.com\/de\/#website"},"primaryImageOfPage":{"@id":"https:\/\/arcbau.com\/de\/kontakt\/#primaryimage"},"image":{"@id":"https:\/\/arcbau.com\/de\/kontakt\/#primaryimage"},"thumbnailUrl":"https:\/\/arcbau.com\/wp-content\/uploads\/2024\/06\/office-desktop-with-laptop-business-man-scaled.jpg","datePublished":"2024-05-30T07:21:25+00:00","dateModified":"2024-06-27T07:32:31+00:00","description":"Unser technisches Team steht Ihnen f\u00fcr alle Fragen zur Verf\u00fcgung. Kontaktieren Sie uns per Telefon, E-Mail oder \u00fcber unser Formular","breadcrumb":{"@id":"https:\/\/arcbau.com\/de\/kontakt\/#breadcrumb"},"inLanguage":"de","potentialAction":[{"@type":"ReadAction","target":["https:\/\/arcbau.com\/de\/kontakt\/"]}]},{"@type":"ImageObject","inLanguage":"de","@id":"https:\/\/arcbau.com\/de\/kontakt\/#primaryimage","url":"https:\/\/arcbau.com\/wp-content\/uploads\/2024\/06\/office-desktop-with-laptop-business-man-scaled.jpg","contentUrl":"https:\/\/arcbau.com\/wp-content\/uploads\/2024\/06\/office-desktop-with-laptop-business-man-scaled.jpg","width":2560,"height":1708},{"@type":"BreadcrumbList","@id":"https:\/\/arcbau.com\/de\/kontakt\/#breadcrumb","itemListElement":[{"@type":"ListItem","position":1,"name":"Portada","item":"https:\/\/arcbau.com\/de\/"},{"@type":"ListItem","position":2,"name":"Kontakt"}]},{"@type":"WebSite","@id":"https:\/\/arcbau.com\/de\/#website","url":"https:\/\/arcbau.com\/de\/","name":"Arcbau","description":"","potentialAction":[{"@type":"SearchAction","target":{"@type":"EntryPoint","urlTemplate":"https:\/\/arcbau.com\/de\/?s={search_term_string}"},"query-input":{"@type":"PropertyValueSpecification","valueRequired":true,"valueName":"search_term_string"}}],"inLanguage":"de"}]}},"_links":{"self":[{"href":"https:\/\/arcbau.com\/de\/wp-json\/wp\/v2\/pages\/870","targetHints":{"allow":["GET"]}}],"collection":[{"href":"https:\/\/arcbau.com\/de\/wp-json\/wp\/v2\/pages"}],"about":[{"href":"https:\/\/arcbau.com\/de\/wp-json\/wp\/v2\/types\/page"}],"author":[{"embeddable":true,"href":"https:\/\/arcbau.com\/de\/wp-json\/wp\/v2\/users\/1"}],"replies":[{"embeddable":true,"href":"https:\/\/arcbau.com\/de\/wp-json\/wp\/v2\/comments?post=870"}],"version-history":[{"count":22,"href":"https:\/\/arcbau.com\/de\/wp-json\/wp\/v2\/pages\/870\/revisions"}],"predecessor-version":[{"id":1337,"href":"https:\/\/arcbau.com\/de\/wp-json\/wp\/v2\/pages\/870\/revisions\/1337"}],"wp:featuredmedia":[{"embeddable":true,"href":"https:\/\/arcbau.com\/de\/wp-json\/wp\/v2\/media\/743"}],"wp:attachment":[{"href":"https:\/\/arcbau.com\/de\/wp-json\/wp\/v2\/media?parent=870"}],"curies":[{"name":"wp","href":"https:\/\/api.w.org\/{rel}","templated":true}]}}